{"id":27,"date":"2022-12-28T21:27:33","date_gmt":"2022-12-28T21:27:33","guid":{"rendered":"https:\/\/emelie.robinnilsson.com\/?page_id=27"},"modified":"2022-12-31T00:19:25","modified_gmt":"2022-12-31T00:19:25","slug":"om","status":"publish","type":"page","link":"https:\/\/emelie.robinnilsson.com\/?page_id=27","title":{"rendered":"Om"},"content":{"rendered":"\t\t<div data-elementor-type=\"wp-page\" data-elementor-id=\"27\" class=\"elementor elementor-27\">\n\t\t\t\t\t\t\t\t\t<section class=\"elementor-section elementor-top-section elementor-element elementor-element-f730ecf elementor-section-height-min-height elementor-section-items-top elementor-section-boxed elementor-section-height-default\" data-id=\"f730ecf\" data-element_type=\"section\" data-settings=\"{&quot;background_background&quot;:&quot;classic&quot;,&quot;shape_divider_bottom&quot;:&quot;curve&quot;,&quot;shape_divider_bottom_negative&quot;:&quot;yes&quot;}\">\n\t\t\t\t\t\t\t<div class=\"elementor-background-overlay\"><\/div>\n\t\t\t\t\t\t<div class=\"elementor-shape elementor-shape-bottom\" data-negative=\"true\">\n\t\t\t<svg xmlns=\"http:\/\/www.w3.org\/2000\/svg\" viewBox=\"0 0 1000 100\" preserveAspectRatio=\"none\">\n\t<path class=\"elementor-shape-fill\" d=\"M500,97C126.7,96.3,0.8,19.8,0,0v100l1000,0V1C1000,19.4,873.3,97.8,500,97z\"\/>\n<\/svg>\t\t<\/div>\n\t\t\t\t\t<div class=\"elementor-container elementor-column-gap-default\">\n\t\t\t\t\t<div class=\"elementor-column elementor-col-100 elementor-top-column elementor-element elementor-element-82ba32d\" data-id=\"82ba32d\" data-element_type=\"column\">\n\t\t\t<div class=\"elementor-widget-wrap elementor-element-populated\">\n\t\t\t\t\t\t\t\t<div class=\"elementor-element elementor-element-e4fceff elementor-widget elementor-widget-heading\" data-id=\"e4fceff\" data-element_type=\"widget\" data-widget_type=\"heading.default\">\n\t\t\t\t<div class=\"elementor-widget-container\">\n\t\t\t<style>\/*! elementor - v3.9.2 - 21-12-2022 *\/\n.elementor-heading-title{padding:0;margin:0;line-height:1}.elementor-widget-heading .elementor-heading-title[class*=elementor-size-]>a{color:inherit;font-size:inherit;line-height:inherit}.elementor-widget-heading .elementor-heading-title.elementor-size-small{font-size:15px}.elementor-widget-heading .elementor-heading-title.elementor-size-medium{font-size:19px}.elementor-widget-heading .elementor-heading-title.elementor-size-large{font-size:29px}.elementor-widget-heading .elementor-heading-title.elementor-size-xl{font-size:39px}.elementor-widget-heading .elementor-heading-title.elementor-size-xxl{font-size:59px}<\/style><h2 class=\"elementor-heading-title elementor-size-default\">Om Oss<\/h2>\t\t<\/div>\n\t\t\t\t<\/div>\n\t\t\t\t\t<\/div>\n\t\t<\/div>\n\t\t\t\t\t\t\t<\/div>\n\t\t<\/section>\n\t\t\t\t<section class=\"elementor-section elementor-top-section elementor-element elementor-element-0e0436d elementor-section-boxed elementor-section-height-default elementor-section-height-default\" data-id=\"0e0436d\" data-element_type=\"section\">\n\t\t\t\t\t\t<div class=\"elementor-container elementor-column-gap-default\">\n\t\t\t\t\t<div class=\"elementor-column elementor-col-50 elementor-top-column elementor-element elementor-element-6e150e2\" data-id=\"6e150e2\" data-element_type=\"column\" data-settings=\"{&quot;background_background&quot;:&quot;classic&quot;}\">\n\t\t\t<div class=\"elementor-widget-wrap elementor-element-populated\">\n\t\t\t\t\t\t\t\t<div class=\"elementor-element elementor-element-561c6dd elementor-widget elementor-widget-heading\" data-id=\"561c6dd\" data-element_type=\"widget\" data-widget_type=\"heading.default\">\n\t\t\t\t<div class=\"elementor-widget-container\">\n\t\t\t<h2 class=\"elementor-heading-title elementor-size-default\">Webbhotell Med Ett Stort Hj\u00e4rta<\/h2>\t\t<\/div>\n\t\t\t\t<\/div>\n\t\t\t\t<div class=\"elementor-element elementor-element-0b1854c elementor-widget elementor-widget-text-editor\" data-id=\"0b1854c\" data-element_type=\"widget\" data-widget_type=\"text-editor.default\">\n\t\t\t\t<div class=\"elementor-widget-container\">\n\t\t\t<style>\/*! elementor - v3.9.2 - 21-12-2022 *\/\n.elementor-widget-text-editor.elementor-drop-cap-view-stacked .elementor-drop-cap{background-color:#818a91;color:#fff}.elementor-widget-text-editor.elementor-drop-cap-view-framed .elementor-drop-cap{color:#818a91;border:3px solid;background-color:transparent}.elementor-widget-text-editor:not(.elementor-drop-cap-view-default) .elementor-drop-cap{margin-top:8px}.elementor-widget-text-editor:not(.elementor-drop-cap-view-default) .elementor-drop-cap-letter{width:1em;height:1em}.elementor-widget-text-editor .elementor-drop-cap{float:left;text-align:center;line-height:1;font-size:50px}.elementor-widget-text-editor .elementor-drop-cap-letter{display:inline-block}<\/style>\t\t\t\t<p>Webbhotell ska vara problemfritt, men enligt v\u00e5r erfarenhet \u00e4r det ofta inte det. Fr\u00e5n paket som i hemlighet saknar viktiga komponenter till att skickas mellan olika supportavdelningar.<\/p><p>I v\u00e5ra paket ing\u00e5r alla funktioner som vi tror kan vara till hj\u00e4lp under din resa genom onlinev\u00e4rlden. Om du n\u00e5gon g\u00e5ng beh\u00f6ver hj\u00e4lp \u00e4r v\u00e5r support v\u00e4ldigt enkel och v\u00e4nlig.<\/p><p>Vi vill g\u00f6ra snabb och s\u00e4ker hosting i v\u00e4rldsklass enkel och tillg\u00e4nglig f\u00f6r alla.<\/p>\t\t\t\t\t\t<\/div>\n\t\t\t\t<\/div>\n\t\t\t\t\t<\/div>\n\t\t<\/div>\n\t\t\t\t<div class=\"elementor-column elementor-col-50 elementor-top-column elementor-element elementor-element-0500dbd\" data-id=\"0500dbd\" data-element_type=\"column\" data-settings=\"{&quot;background_background&quot;:&quot;classic&quot;}\">\n\t\t\t<div class=\"elementor-widget-wrap elementor-element-populated\">\n\t\t\t\t\t\t\t\t<div class=\"elementor-element elementor-element-b307f6a elementor-widget elementor-widget-heading\" data-id=\"b307f6a\" data-element_type=\"widget\" data-widget_type=\"heading.default\">\n\t\t\t\t<div class=\"elementor-widget-container\">\n\t\t\t<h2 class=\"elementor-heading-title elementor-size-default\">Stolta Att Vara Koldioxidnegativa<\/h2>\t\t<\/div>\n\t\t\t\t<\/div>\n\t\t\t\t<div class=\"elementor-element elementor-element-15ad154 elementor-widget elementor-widget-text-editor\" data-id=\"15ad154\" data-element_type=\"widget\" data-widget_type=\"text-editor.default\">\n\t\t\t\t<div class=\"elementor-widget-container\">\n\t\t\t\t\t\t\t<p>Visste du att webbhotellbranschen st\u00e5r f\u00f6r mer koldioxidutsl\u00e4pp \u00e4n flygindustrin? P\u00e5 Vexis g\u00f6r vi allt vi kan f\u00f6r att hj\u00e4lpa planeten. Vi anv\u00e4nder inte bara gr\u00f6n energi, utan vi planterar ocks\u00e5 tr\u00e4d och k\u00f6per koldioxidkompensationer f\u00f6r att ha en positiv inverkan p\u00e5 v\u00e5r milj\u00f6.<\/p>\t\t\t\t\t\t<\/div>\n\t\t\t\t<\/div>\n\t\t\t\t<div class=\"elementor-element elementor-element-aba217d elementor-widget elementor-widget-image\" data-id=\"aba217d\" data-element_type=\"widget\" data-widget_type=\"image.default\">\n\t\t\t\t<div class=\"elementor-widget-container\">\n\t\t\t<style>\/*! elementor - v3.9.2 - 21-12-2022 *\/\n.elementor-widget-image{text-align:center}.elementor-widget-image a{display:inline-block}.elementor-widget-image a img[src$=\".svg\"]{width:48px}.elementor-widget-image img{vertical-align:middle;display:inline-block}<\/style>\t\t\t\t\t\t\t\t\t\t\t\t<img loading=\"lazy\" decoding=\"async\" width=\"1024\" height=\"664\" src=\"https:\/\/emelie.robinnilsson.com\/wp-content\/uploads\/2022\/12\/nicholas-doherty-ponbhdyofom-unsplash-1180x765-1-1024x664.jpg\" class=\"attachment-large size-large wp-image-56\" alt=\"\" srcset=\"https:\/\/emelie.robinnilsson.com\/wp-content\/uploads\/2022\/12\/nicholas-doherty-ponbhdyofom-unsplash-1180x765-1-1024x664.jpg 1024w, https:\/\/emelie.robinnilsson.com\/wp-content\/uploads\/2022\/12\/nicholas-doherty-ponbhdyofom-unsplash-1180x765-1-300x194.jpg 300w, https:\/\/emelie.robinnilsson.com\/wp-content\/uploads\/2022\/12\/nicholas-doherty-ponbhdyofom-unsplash-1180x765-1-768x498.jpg 768w, https:\/\/emelie.robinnilsson.com\/wp-content\/uploads\/2022\/12\/nicholas-doherty-ponbhdyofom-unsplash-1180x765-1.jpg 1180w\" sizes=\"auto, (max-width: 1024px) 100vw, 1024px\" \/>\t\t\t\t\t\t\t\t\t\t\t\t\t\t\t<\/div>\n\t\t\t\t<\/div>\n\t\t\t\t\t<\/div>\n\t\t<\/div>\n\t\t\t\t\t\t\t<\/div>\n\t\t<\/section>\n\t\t\t\t\t\t\t<\/div>\n\t\t","protected":false},"excerpt":{"rendered":"<p>Om Oss Webbhotell Med Ett Stort Hj\u00e4rta Webbhotell ska vara problemfritt, men enligt v\u00e5r erfarenhet \u00e4r det ofta inte det. Fr\u00e5n paket som i hemlighet saknar viktiga komponenter till att skickas mellan olika supportavdelningar. I v\u00e5ra paket ing\u00e5r alla funktioner som vi tror kan vara till hj\u00e4lp under din resa genom onlinev\u00e4rlden. Om du n\u00e5gon [&hellip;]<\/p>\n","protected":false},"author":1,"featured_media":0,"parent":0,"menu_order":0,"comment_status":"closed","ping_status":"closed","template":"elementor_canvas","meta":{"footnotes":""},"class_list":["post-27","page","type-page","status-publish","hentry"],"_links":{"self":[{"href":"https:\/\/emelie.robinnilsson.com\/index.php?rest_route=\/wp\/v2\/pages\/27","targetHints":{"allow":["GET"]}}],"collection":[{"href":"https:\/\/emelie.robinnilsson.com\/index.php?rest_route=\/wp\/v2\/pages"}],"about":[{"href":"https:\/\/emelie.robinnilsson.com\/index.php?rest_route=\/wp\/v2\/types\/page"}],"author":[{"embeddable":true,"href":"https:\/\/emelie.robinnilsson.com\/index.php?rest_route=\/wp\/v2\/users\/1"}],"replies":[{"embeddable":true,"href":"https:\/\/emelie.robinnilsson.com\/index.php?rest_route=%2Fwp%2Fv2%2Fcomments&post=27"}],"version-history":[{"count":10,"href":"https:\/\/emelie.robinnilsson.com\/index.php?rest_route=\/wp\/v2\/pages\/27\/revisions"}],"predecessor-version":[{"id":59,"href":"https:\/\/emelie.robinnilsson.com\/index.php?rest_route=\/wp\/v2\/pages\/27\/revisions\/59"}],"wp:attachment":[{"href":"https:\/\/emelie.robinnilsson.com\/index.php?rest_route=%2Fwp%2Fv2%2Fmedia&parent=27"}],"curies":[{"name":"wp","href":"https:\/\/api.w.org\/{rel}","templated":true}]}}